{"id":1394,"date":"2023-01-11T09:37:36","date_gmt":"2023-01-11T07:37:36","guid":{"rendered":"https:\/\/www.biomimetichub.com\/?page_id=1394"},"modified":"2023-01-11T09:46:05","modified_gmt":"2023-01-11T07:46:05","slug":"data-transfer-statement","status":"publish","type":"page","link":"https:\/\/www.biomimetichub.com\/en\/data-transfer-statement\/","title":{"rendered":"Data Transfer Statement"},"content":{"rendered":"<p>I acknowledge the following personal data stored in the user account of Mosoly M\u00e1nia Kft.\u00a0(H-1036 Budapest, B\u00e9csi \u00fat 85. Fsz.5. Hungary) in the user database of\u00a0www.biomimetichub.com will be handed over to OTP Mobil Ltd. (\u00a01143 Budapest, Hung\u00e1ria k\u00f6r\u00fat 17-19.\u00a0) and is trusted as data processor. The data transferred by the data controller are the following:\u00a0 firstname, lastname, address, country, phone number, email address<\/p>\n<p>The\u00a0 nature\u00a0 and\u00a0 purpose\u00a0 of\u00a0 the\u00a0 data\u00a0 processing\u00a0 activity\u00a0 performed\u00a0 by\u00a0 the\u00a0 data\u00a0 processor\u00a0 in\u00a0 the SimplePay Privacy Policy can be found at the following link: <a href=\"http:\/\/simplepay.hu\/vasarlo-aff\" target=\"_blank\" rel=\"noopener\">http:\/\/simplepay.hu\/vasarlo-aff<\/a><\/p>\n","protected":false},"excerpt":{"rendered":"<p>I acknowledge the following personal data stored in the user account of Mosoly M\u00e1nia Kft.\u00a0(H-1036 Budapest, B\u00e9csi \u00fat 85. Fsz.5. Hungary) in the user database of\u00a0www.biomimetichub.com will be handed over to OTP Mobil Ltd. (\u00a01143 Budapest, Hung\u00e1ria k\u00f6r\u00fat 17-19.\u00a0) and is trusted as data processor. The data transferred by the data controller are the following:\u00a0 [&hellip;]<\/p>\n","protected":false},"author":1,"featured_media":0,"parent":0,"menu_order":0,"comment_status":"closed","ping_status":"closed","template":"","meta":{"_acf_changed":false,"inline_featured_image":false,"footnotes":""},"class_list":["post-1394","page","type-page","status-publish","hentry"],"acf":[],"yoast_head":"<!-- This site is optimized with the Yoast SEO plugin v24.4 - https:\/\/yoast.com\/wordpress\/plugins\/seo\/ -->\n<title>Data Transfer Statement - Biomimetic<\/title>\n<meta name=\"robots\" content=\"index, nofollow, max-snippet:-1, max-image-preview:large, max-video-preview:-1\" \/>\n<link rel=\"canonical\" href=\"https:\/\/www.biomimetichub.com\/en\/data-transfer-statement\/\" \/>\n<meta property=\"og:locale\" content=\"en_US\" \/>\n<meta property=\"og:type\" content=\"article\" \/>\n<meta property=\"og:title\" content=\"Data Transfer Statement - Biomimetic\" \/>\n<meta property=\"og:description\" content=\"I acknowledge the following personal data stored in the user account of Mosoly M\u00e1nia Kft.\u00a0(H-1036 Budapest, B\u00e9csi \u00fat 85. Fsz.5. Hungary) in the user database of\u00a0www.biomimetichub.com will be handed over to OTP Mobil Ltd. (\u00a01143 Budapest, Hung\u00e1ria k\u00f6r\u00fat 17-19.\u00a0) and is trusted as data processor. The data transferred by the data controller are the following:\u00a0 [&hellip;]\" \/>\n<meta property=\"og:url\" content=\"https:\/\/www.biomimetichub.com\/en\/data-transfer-statement\/\" \/>\n<meta property=\"og:site_name\" content=\"Biomimetic\" \/>\n<meta property=\"article:modified_time\" content=\"2023-01-11T07:46:05+00:00\" \/>\n<meta name=\"twitter:card\" content=\"summary_large_image\" \/>\n<meta name=\"twitter:label1\" content=\"Est. reading time\" \/>\n\t<meta name=\"twitter:data1\" content=\"1 minute\" \/>\n<script type=\"application\/ld+json\" class=\"yoast-schema-graph\">{\"@context\":\"https:\/\/schema.org\",\"@graph\":[{\"@type\":\"WebPage\",\"@id\":\"https:\/\/www.biomimetichub.com\/en\/data-transfer-statement\/\",\"url\":\"https:\/\/www.biomimetichub.com\/en\/data-transfer-statement\/\",\"name\":\"Data Transfer Statement - Biomimetic\",\"isPartOf\":{\"@id\":\"https:\/\/www.biomimetichub.com\/en\/#website\"},\"datePublished\":\"2023-01-11T07:37:36+00:00\",\"dateModified\":\"2023-01-11T07:46:05+00:00\",\"breadcrumb\":{\"@id\":\"https:\/\/www.biomimetichub.com\/en\/data-transfer-statement\/#breadcrumb\"},\"inLanguage\":\"en-US\",\"potentialAction\":[{\"@type\":\"ReadAction\",\"target\":[\"https:\/\/www.biomimetichub.com\/en\/data-transfer-statement\/\"]}]},{\"@type\":\"BreadcrumbList\",\"@id\":\"https:\/\/www.biomimetichub.com\/en\/data-transfer-statement\/#breadcrumb\",\"itemListElement\":[{\"@type\":\"ListItem\",\"position\":1,\"name\":\"Kezd\u0151lap\",\"item\":\"https:\/\/www.biomimetichub.com\/en\/\"},{\"@type\":\"ListItem\",\"position\":2,\"name\":\"Data Transfer Statement\"}]},{\"@type\":\"WebSite\",\"@id\":\"https:\/\/www.biomimetichub.com\/en\/#website\",\"url\":\"https:\/\/www.biomimetichub.com\/en\/\",\"name\":\"Biomimetic\",\"description\":\"Biomimetic Dentistry\",\"potentialAction\":[{\"@type\":\"SearchAction\",\"target\":{\"@type\":\"EntryPoint\",\"urlTemplate\":\"https:\/\/www.biomimetichub.com\/en\/?s={search_term_string}\"},\"query-input\":{\"@type\":\"PropertyValueSpecification\",\"valueRequired\":true,\"valueName\":\"search_term_string\"}}],\"inLanguage\":\"en-US\"}]}<\/script>\n<!-- \/ Yoast SEO plugin. -->","yoast_head_json":{"title":"Data Transfer Statement - Biomimetic","robots":{"index":"index","follow":"nofollow","max-snippet":"max-snippet:-1","max-image-preview":"max-image-preview:large","max-video-preview":"max-video-preview:-1"},"canonical":"https:\/\/www.biomimetichub.com\/en\/data-transfer-statement\/","og_locale":"en_US","og_type":"article","og_title":"Data Transfer Statement - Biomimetic","og_description":"I acknowledge the following personal data stored in the user account of Mosoly M\u00e1nia Kft.\u00a0(H-1036 Budapest, B\u00e9csi \u00fat 85. Fsz.5. Hungary) in the user database of\u00a0www.biomimetichub.com will be handed over to OTP Mobil Ltd. (\u00a01143 Budapest, Hung\u00e1ria k\u00f6r\u00fat 17-19.\u00a0) and is trusted as data processor. The data transferred by the data controller are the following:\u00a0 [&hellip;]","og_url":"https:\/\/www.biomimetichub.com\/en\/data-transfer-statement\/","og_site_name":"Biomimetic","article_modified_time":"2023-01-11T07:46:05+00:00","twitter_card":"summary_large_image","twitter_misc":{"Est. reading time":"1 minute"},"schema":{"@context":"https:\/\/schema.org","@graph":[{"@type":"WebPage","@id":"https:\/\/www.biomimetichub.com\/en\/data-transfer-statement\/","url":"https:\/\/www.biomimetichub.com\/en\/data-transfer-statement\/","name":"Data Transfer Statement - Biomimetic","isPartOf":{"@id":"https:\/\/www.biomimetichub.com\/en\/#website"},"datePublished":"2023-01-11T07:37:36+00:00","dateModified":"2023-01-11T07:46:05+00:00","breadcrumb":{"@id":"https:\/\/www.biomimetichub.com\/en\/data-transfer-statement\/#breadcrumb"},"inLanguage":"en-US","potentialAction":[{"@type":"ReadAction","target":["https:\/\/www.biomimetichub.com\/en\/data-transfer-statement\/"]}]},{"@type":"BreadcrumbList","@id":"https:\/\/www.biomimetichub.com\/en\/data-transfer-statement\/#breadcrumb","itemListElement":[{"@type":"ListItem","position":1,"name":"Kezd\u0151lap","item":"https:\/\/www.biomimetichub.com\/en\/"},{"@type":"ListItem","position":2,"name":"Data Transfer Statement"}]},{"@type":"WebSite","@id":"https:\/\/www.biomimetichub.com\/en\/#website","url":"https:\/\/www.biomimetichub.com\/en\/","name":"Biomimetic","description":"Biomimetic Dentistry","potentialAction":[{"@type":"SearchAction","target":{"@type":"EntryPoint","urlTemplate":"https:\/\/www.biomimetichub.com\/en\/?s={search_term_string}"},"query-input":{"@type":"PropertyValueSpecification","valueRequired":true,"valueName":"search_term_string"}}],"inLanguage":"en-US"}]}},"_links":{"self":[{"href":"https:\/\/www.biomimetichub.com\/en\/wp-json\/wp\/v2\/pages\/1394","targetHints":{"allow":["GET"]}}],"collection":[{"href":"https:\/\/www.biomimetichub.com\/en\/wp-json\/wp\/v2\/pages"}],"about":[{"href":"https:\/\/www.biomimetichub.com\/en\/wp-json\/wp\/v2\/types\/page"}],"author":[{"embeddable":true,"href":"https:\/\/www.biomimetichub.com\/en\/wp-json\/wp\/v2\/users\/1"}],"replies":[{"embeddable":true,"href":"https:\/\/www.biomimetichub.com\/en\/wp-json\/wp\/v2\/comments?post=1394"}],"version-history":[{"count":1,"href":"https:\/\/www.biomimetichub.com\/en\/wp-json\/wp\/v2\/pages\/1394\/revisions"}],"predecessor-version":[{"id":1395,"href":"https:\/\/www.biomimetichub.com\/en\/wp-json\/wp\/v2\/pages\/1394\/revisions\/1395"}],"wp:attachment":[{"href":"https:\/\/www.biomimetichub.com\/en\/wp-json\/wp\/v2\/media?parent=1394"}],"curies":[{"name":"wp","href":"https:\/\/api.w.org\/{rel}","templated":true}]}}